{"id":117,"date":"2025-01-24T09:19:51","date_gmt":"2025-01-24T09:19:51","guid":{"rendered":"https:\/\/propaganda.101.lu\/mentions-legales\/"},"modified":"2025-03-07T08:55:46","modified_gmt":"2025-03-07T08:55:46","slug":"mentions-legales","status":"publish","type":"page","link":"https:\/\/propaganda.guide\/fr\/mentions-legales\/","title":{"rendered":"Mentions l\u00e9gales"},"content":{"rendered":"<p>Fondation Zentrum fir politesch Bildung<br \/>\n138, Boulevard de la P\u00e9trusse<br \/>\nL-2330 Luxembourg<br \/>\nE: info@zpb.lu<br \/>\nT: (+352) 247 75272<\/p>\n<p>Le ZpB est une fondation sans but lucratif (RCS G236) r\u00e9gie par la \u00ab\u00a0<em>Loi du 7 ao\u00fbt 2023 sur les associations sans but lucratif et les fondations\u00a0<\/em>\u00bb. Pour toute question relative \u00e0 ce site web et son contenu ou pour contacter le ZpB, vous pouvez nous contacter par les moyens mentionn\u00e9s ci-dessus.<\/p>\n<p>Programmation et Design:\u00a0\u00a0 <a href=\"https:\/\/101.lu\">101.lu<\/a><\/p>\n<p>&nbsp;<\/p>\n<p><strong>D\u00c9CLARATION DE PROTECTION DES DONN\u00c9ES<\/strong><\/p>\n<p>Le Zentrum fir politesch Bildung est l\u2019\u00e9diteur de l\u2019outil en ligne Propaganda.guide et, au sens du R\u00e8glement (UE) 2016\/679 (RGPD), responsable du traitement des donn\u00e9es.<\/p>\n<p>Propaganda.guide ne collecte aucune donn\u00e9e personnelle telle que le nom, le num\u00e9ro de t\u00e9l\u00e9phone, la carte de cr\u00e9dit, l\u2019adresse ou similaire. Toutefois, \u00e0 chaque consultation du site web, le serveur enregistre et stocke automatiquement l\u2019adresse IP anonymis\u00e9e, la date et l\u2019heure d\u2019acc\u00e8s, le type et la version du navigateur, le syst\u00e8me d\u2019exploitation, la page visit\u00e9e ainsi que, le cas \u00e9ch\u00e9ant, le site web depuis lequel vous avez acc\u00e9d\u00e9 au site. Ces donn\u00e9es servent uniquement \u00e0 la mise \u00e0 gestion technique et \u00e0 la s\u00e9curit\u00e9 de notre site web et ne sont pas utilis\u00e9es pour identifier les utilisateurs !<\/p>\n<p>En outre, nous recueillons des donn\u00e9es d\u2019utilisation facultatives. Au moyen de cookies et de technologies de suivi, conform\u00e9ment \u00e0 l\u2019article 6 du RGPD, nous analysons l\u2019utilisation du site web afin de mieux comprendre le comportement des utilisateurs et de pouvoir optimiser et d\u00e9velopper notre offre. \u00c0 cette fin, nous utilisons le logiciel d\u2019analyse web <strong>Matomo<\/strong>, qui est h\u00e9berg\u00e9 sur un serveur au Luxembourg.<\/p>\n<p>Vous pouvez vous opposer \u00e0 l\u2019utilisation des cookies techniquement non n\u00e9cessaires en les refusant dans le module de gestion des cookies de notre site web (\u00ab\u00a0Refuser\u00a0\u00bb).<\/p>\n<p>Les donn\u00e9es ne sont conserv\u00e9es que le temps n\u00e9cessaire aux finalit\u00e9s susmentionn\u00e9es ou tant que l\u2019imposent les obligations l\u00e9gales de conservation ou de suppression. Les donn\u00e9es ne sont pas transmises \u00e0 des tiers et ne quittent pas le champ d\u2019application du RGPD.<\/p>\n<p>Nous nous r\u00e9servons le droit d\u2019adapter cette d\u00e9claration de protection des donn\u00e9es en cas de besoin. La version actuelle est toujours disponible sur ce site web.<\/p>\n<p>Pour toute question relative \u00e0 la protection des donn\u00e9es, vous pouvez envoyer un e-mail \u00e0 <a href=\"mailto:rgpd@zpb.lu\">rgpd@zpb.lu<\/a> ou un courrier \u00e0 la fondation ZpB.<\/p>\n","protected":false},"excerpt":{"rendered":"<p>Fondation Zentrum fir politesch Bildung 138, Boulevard de la P\u00e9trusse L-2330 Luxembourg E: info@zpb.lu T: (+352) 247 75272 Le ZpB est une fondation sans but lucratif (RCS G236) r\u00e9gie par la \u00ab\u00a0Loi du 7 ao\u00fbt 2023 sur les associations sans but lucratif et les fondations\u00a0\u00bb. Pour toute question relative \u00e0 ce site web et son [&hellip;]<\/p>\n","protected":false},"author":1,"featured_media":0,"parent":0,"menu_order":0,"comment_status":"closed","ping_status":"closed","template":"","meta":{"_acf_changed":false,"footnotes":""},"class_list":["post-117","page","type-page","status-publish","hentry"],"acf":[],"_links":{"self":[{"href":"https:\/\/propaganda.guide\/fr\/wp-json\/wp\/v2\/pages\/117","targetHints":{"allow":["GET"]}}],"collection":[{"href":"https:\/\/propaganda.guide\/fr\/wp-json\/wp\/v2\/pages"}],"about":[{"href":"https:\/\/propaganda.guide\/fr\/wp-json\/wp\/v2\/types\/page"}],"author":[{"embeddable":true,"href":"https:\/\/propaganda.guide\/fr\/wp-json\/wp\/v2\/users\/1"}],"replies":[{"embeddable":true,"href":"https:\/\/propaganda.guide\/fr\/wp-json\/wp\/v2\/comments?post=117"}],"version-history":[{"count":6,"href":"https:\/\/propaganda.guide\/fr\/wp-json\/wp\/v2\/pages\/117\/revisions"}],"predecessor-version":[{"id":295,"href":"https:\/\/propaganda.guide\/fr\/wp-json\/wp\/v2\/pages\/117\/revisions\/295"}],"wp:attachment":[{"href":"https:\/\/propaganda.guide\/fr\/wp-json\/wp\/v2\/media?parent=117"}],"curies":[{"name":"wp","href":"https:\/\/api.w.org\/{rel}","templated":true}]}}